{"id":39,"date":"2024-11-20T22:46:54","date_gmt":"2024-11-20T21:46:54","guid":{"rendered":"https:\/\/nikobox.world\/?page_id=39"},"modified":"2025-09-25T17:17:22","modified_gmt":"2025-09-25T15:17:22","slug":"vista-nikobox","status":"publish","type":"page","link":"https:\/\/nikobox.world\/","title":{"rendered":"NIKOBOX S\u00c9NIOR LIVING"},"content":{"rendered":"<p>[et_pb_section fb_built=\u00a0\u00bb1&Prime; _builder_version=\u00a0\u00bb4.27.3&Prime; _module_preset=\u00a0\u00bbdefault\u00a0\u00bb custom_padding=\u00a0\u00bb10px||9px|||\u00a0\u00bb global_colors_info=\u00a0\u00bb{}\u00a0\u00bb][et_pb_row _builder_version=\u00a0\u00bb4.27.3&Prime; _module_preset=\u00a0\u00bbdefault\u00a0\u00bb custom_padding=\u00a0\u00bb10px||6px|||\u00a0\u00bb global_colors_info=\u00a0\u00bb{}\u00a0\u00bb][et_pb_column type=\u00a0\u00bb4_4&Prime; _builder_version=\u00a0\u00bb4.27.3&Prime; _module_preset=\u00a0\u00bbdefault\u00a0\u00bb global_colors_info=\u00a0\u00bb{}\u00a0\u00bb][et_pb_image src=\u00a0\u00bbhttps:\/\/nikobox.world\/wp-content\/uploads\/2024\/11\/nikobox-BN-redes.png\u00a0\u00bb alt=\u00a0\u00bbLogo de Nikobox\u00a0\u00bb title_text=\u00a0\u00bbnikobox-logo\u00a0\u00bb align=\u00a0\u00bbcenter\u00a0\u00bb admin_label=\u00a0\u00bbImage\u00a0\u00bb _builder_version=\u00a0\u00bb4.27.4&Prime; _module_preset=\u00a0\u00bbdefault\u00a0\u00bb width=\u00a0\u00bb23%\u00a0\u00bb width_tablet=\u00a0\u00bb43%\u00a0\u00bb width_phone=\u00a0\u00bb78%\u00a0\u00bb width_last_edited=\u00a0\u00bbon|desktop\u00a0\u00bb custom_margin=\u00a0\u00bb||8px|||\u00a0\u00bb global_colors_info=\u00a0\u00bb{}\u00a0\u00bb][\/et_pb_image][et_pb_text _builder_version=\u00a0\u00bb4.27.4&Prime; _module_preset=\u00a0\u00bbdefault\u00a0\u00bb text_font=\u00a0\u00bb|||on|||||\u00a0\u00bb text_text_color=\u00a0\u00bb#E09900&Prime; text_font_size=\u00a0\u00bb18px\u00a0\u00bb text_line_height=\u00a0\u00bb1.5em\u00a0\u00bb text_orientation=\u00a0\u00bbcenter\u00a0\u00bb custom_margin=\u00a0\u00bb||15px|||\u00a0\u00bb animation_style=\u00a0\u00bbfold\u00a0\u00bb animation_repeat=\u00a0\u00bbloop\u00a0\u00bb global_colors_info=\u00a0\u00bb{}\u00a0\u00bb]<\/p>\n<p>en construcci\u00f3n<\/p>\n<p>[\/et_pb_text][et_pb_image src=\u00a0\u00bbhttps:\/\/nikobox.world\/wp-content\/uploads\/2024\/11\/senior-living-texto-tarjeta-visita.png\u00a0\u00bb title_text=\u00a0\u00bbs\u00e9nior living Riaza\u00a0\u00bb align=\u00a0\u00bbcenter\u00a0\u00bb _builder_version=\u00a0\u00bb4.27.4&Prime; _module_preset=\u00a0\u00bbdefault\u00a0\u00bb width=\u00a0\u00bb57%\u00a0\u00bb width_tablet=\u00a0\u00bb81%\u00a0\u00bb width_phone=\u00a0\u00bb100%\u00a0\u00bb width_last_edited=\u00a0\u00bbon|phone\u00a0\u00bb custom_margin=\u00a0\u00bb||14px|||\u00a0\u00bb hover_enabled=\u00a0\u00bb0&Prime; global_colors_info=\u00a0\u00bb{}\u00a0\u00bb sticky_enabled=\u00a0\u00bb0&Prime;][\/et_pb_image][et_pb_text _builder_version=\u00a0\u00bb4.27.4&Prime; _module_preset=\u00a0\u00bbdefault\u00a0\u00bb header_font=\u00a0\u00bb|700||on|||||\u00a0\u00bb header_text_align=\u00a0\u00bbcenter\u00a0\u00bb header_font_size=\u00a0\u00bb29px\u00a0\u00bb header_line_height=\u00a0\u00bb1.3em\u00a0\u00bb custom_margin=\u00a0\u00bb36px||17px|||\u00a0\u00bb header_font_size_tablet=\u00a0\u00bb29px\u00a0\u00bb header_font_size_phone=\u00a0\u00bb21px\u00a0\u00bb header_font_size_last_edited=\u00a0\u00bbon|phone\u00a0\u00bb global_colors_info=\u00a0\u00bb{}\u00a0\u00bb]<\/p>\n<h1>De s\u00e9niors para s\u00e9niors: <br \/>sabemos lo que importa<\/h1>\n<p>[\/et_pb_text][et_pb_button button_url=\u00a0\u00bbhttps:\/\/www.survio.com\/survey\/d\/Z3X6R4B3W3M0J4P0K\u00a0\u00bb url_new_window=\u00a0\u00bbon\u00a0\u00bb button_text=\u00a0\u00bb\u00bfQUIERES PARTICIPAR? AY\u00daDANOS A HACERLO MEJOR AQU\u00cd\u00a0\u00bb button_alignment=\u00a0\u00bbright\u00a0\u00bb disabled_on=\u00a0\u00bbon|on|on\u00a0\u00bb _builder_version=\u00a0\u00bb4.27.4&Prime; _module_preset=\u00a0\u00bbdefault\u00a0\u00bb custom_button=\u00a0\u00bbon\u00a0\u00bb button_text_size=\u00a0\u00bb18px\u00a0\u00bb button_text_color=\u00a0\u00bb#E09900&Prime; button_border_width=\u00a0\u00bb0px\u00a0\u00bb button_letter_spacing=\u00a0\u00bb1px\u00a0\u00bb button_icon=\u00a0\u00bb&#x26;||divi||400&Prime; button_on_hover=\u00a0\u00bboff\u00a0\u00bb button_text_size_tablet=\u00a0\u00bb18px\u00a0\u00bb button_text_size_phone=\u00a0\u00bb18px\u00a0\u00bb button_text_size_last_edited=\u00a0\u00bbon|tablet\u00a0\u00bb disabled=\u00a0\u00bbon\u00a0\u00bb global_colors_info=\u00a0\u00bb{}\u00a0\u00bb][\/et_pb_button][\/et_pb_column][\/et_pb_row][\/et_pb_section][et_pb_section fb_built=\u00a0\u00bb1&Prime; _builder_version=\u00a0\u00bb4.27.3&Prime; _module_preset=\u00a0\u00bbdefault\u00a0\u00bb background_color=\u00a0\u00bbgcid-24dcb3d3-db22-4f44-998e-163fe7e35e3c\u00a0\u00bb custom_padding=\u00a0\u00bb9px||26px|||\u00a0\u00bb global_colors_info=\u00a0\u00bb{%22gcid-24dcb3d3-db22-4f44-998e-163fe7e35e3c%22:%91%22background_color%22%93}\u00a0\u00bb][et_pb_row _builder_version=\u00a0\u00bb4.27.3&Prime; _module_preset=\u00a0\u00bbdefault\u00a0\u00bb custom_padding=\u00a0\u00bb17px||22px|||\u00a0\u00bb global_colors_info=\u00a0\u00bb{}\u00a0\u00bb][et_pb_column type=\u00a0\u00bb4_4&Prime; _builder_version=\u00a0\u00bb4.27.3&Prime; _module_preset=\u00a0\u00bbdefault\u00a0\u00bb global_colors_info=\u00a0\u00bb{}\u00a0\u00bb][et_pb_text _builder_version=\u00a0\u00bb4.27.4&Prime; _module_preset=\u00a0\u00bbdefault\u00a0\u00bb text_font=\u00a0\u00bbPoiret One|600|||||||\u00a0\u00bb text_text_color=\u00a0\u00bb#000000&Prime; text_font_size=\u00a0\u00bb35px\u00a0\u00bb text_letter_spacing=\u00a0\u00bb1px\u00a0\u00bb text_line_height=\u00a0\u00bb1.4em\u00a0\u00bb text_orientation=\u00a0\u00bbcenter\u00a0\u00bb custom_margin=\u00a0\u00bb||12px|||\u00a0\u00bb text_font_size_tablet=\u00a0\u00bb27px\u00a0\u00bb text_font_size_phone=\u00a0\u00bb25px\u00a0\u00bb text_font_size_last_edited=\u00a0\u00bbon|phone\u00a0\u00bb global_colors_info=\u00a0\u00bb{}\u00a0\u00bb]<\/p>\n<p><span style=\"color: #999999;\">\u00a1<\/span>Ven a vivir en un novedoso<br \/><span style=\"color: #ffffff;\">LIVING S\u00c9NIOR<\/span><br \/>a partir de los 55 a\u00f1os<span style=\"color: #999999;\">!<\/span><\/p>\n<p>[\/et_pb_text][et_pb_text _builder_version=\u00a0\u00bb4.27.3&Prime; _module_preset=\u00a0\u00bbdefault\u00a0\u00bb text_font=\u00a0\u00bbPoiret One|700|||||||\u00a0\u00bb text_text_color=\u00a0\u00bb#FFFFFF\u00a0\u00bb text_font_size=\u00a0\u00bb20px\u00a0\u00bb text_letter_spacing=\u00a0\u00bb3px\u00a0\u00bb text_line_height=\u00a0\u00bb1.4em\u00a0\u00bb text_orientation=\u00a0\u00bbcenter\u00a0\u00bb custom_margin=\u00a0\u00bb||12px|||\u00a0\u00bb text_font_size_tablet=\u00a0\u00bb18px\u00a0\u00bb text_font_size_phone=\u00a0\u00bb18px\u00a0\u00bb text_font_size_last_edited=\u00a0\u00bbon|phone\u00a0\u00bb global_colors_info=\u00a0\u00bb{}\u00a0\u00bb]<\/p>\n<p><strong>RIAZA, SEGOVIA | ESPA\u00d1A<\/strong><\/p>\n<p>[\/et_pb_text][et_pb_image src=\u00a0\u00bbhttps:\/\/nikobox.world\/wp-content\/uploads\/2024\/11\/senior-coliving-NIKOBOX.png\u00a0\u00bb title_text=\u00a0\u00bbsenior living NIKOBOX\u00a0\u00bb align=\u00a0\u00bbcenter\u00a0\u00bb _builder_version=\u00a0\u00bb4.27.4&Prime; _module_preset=\u00a0\u00bbdefault\u00a0\u00bb width=\u00a0\u00bb52%\u00a0\u00bb width_tablet=\u00a0\u00bb52%\u00a0\u00bb width_phone=\u00a0\u00bb52%\u00a0\u00bb width_last_edited=\u00a0\u00bbon|phone\u00a0\u00bb filter_saturate=\u00a0\u00bb42%\u00a0\u00bb filter_brightness=\u00a0\u00bb103%\u00a0\u00bb filter_contrast=\u00a0\u00bb83%\u00a0\u00bb hover_enabled=\u00a0\u00bb0&Prime; box_shadow_style=\u00a0\u00bbpreset3&Prime; global_colors_info=\u00a0\u00bb{}\u00a0\u00bb sticky_enabled=\u00a0\u00bb0&Prime;][\/et_pb_image][\/et_pb_column][\/et_pb_row][\/et_pb_section][et_pb_section fb_built=\u00a0\u00bb1&Prime; _builder_version=\u00a0\u00bb4.27.4&Prime; _module_preset=\u00a0\u00bbdefault\u00a0\u00bb background_color=\u00a0\u00bb#FFFFFF\u00a0\u00bb custom_padding=\u00a0\u00bb19px||16px|||\u00a0\u00bb global_colors_info=\u00a0\u00bb{}\u00a0\u00bb][et_pb_row _builder_version=\u00a0\u00bb4.27.3&Prime; _module_preset=\u00a0\u00bbdefault\u00a0\u00bb custom_padding=\u00a0\u00bb32px|||||\u00a0\u00bb global_colors_info=\u00a0\u00bb{}\u00a0\u00bb][et_pb_column type=\u00a0\u00bb4_4&Prime; _builder_version=\u00a0\u00bb4.27.3&Prime; _module_preset=\u00a0\u00bbdefault\u00a0\u00bb global_colors_info=\u00a0\u00bb{}\u00a0\u00bb][et_pb_image src=\u00a0\u00bbhttps:\/\/nikobox.world\/wp-content\/uploads\/2024\/11\/senior-living-texto-tarjeta-visita-reverso.png\u00a0\u00bb alt=\u00a0\u00bbdatos contacto de Nikobox S\u00e9nior Living\u00a0\u00bb title_text=\u00a0\u00bbdatos contacto de Nikobox S\u00e9nior Living\u00a0\u00bb align=\u00a0\u00bbcenter\u00a0\u00bb _builder_version=\u00a0\u00bb4.27.4&Prime; _module_preset=\u00a0\u00bbdefault\u00a0\u00bb width=\u00a0\u00bb28%\u00a0\u00bb width_tablet=\u00a0\u00bb62%\u00a0\u00bb width_phone=\u00a0\u00bb94%\u00a0\u00bb width_last_edited=\u00a0\u00bbon|phone\u00a0\u00bb custom_margin=\u00a0\u00bb||16px|||\u00a0\u00bb global_colors_info=\u00a0\u00bb{}\u00a0\u00bb][\/et_pb_image][\/et_pb_column][\/et_pb_row][\/et_pb_section][et_pb_section fb_built=\u00a0\u00bb1&Prime; _builder_version=\u00a0\u00bb4.27.4&Prime; _module_preset=\u00a0\u00bbdefault\u00a0\u00bb background_color=\u00a0\u00bbgcid-24dcb3d3-db22-4f44-998e-163fe7e35e3c\u00a0\u00bb custom_padding=\u00a0\u00bb19px||16px|||\u00a0\u00bb global_colors_info=\u00a0\u00bb{%22gcid-24dcb3d3-db22-4f44-998e-163fe7e35e3c%22:%91%22background_color%22%93}\u00a0\u00bb][et_pb_row _builder_version=\u00a0\u00bb4.27.3&Prime; _module_preset=\u00a0\u00bbdefault\u00a0\u00bb custom_padding=\u00a0\u00bb5px|||||\u00a0\u00bb global_colors_info=\u00a0\u00bb{}\u00a0\u00bb][et_pb_column type=\u00a0\u00bb4_4&Prime; _builder_version=\u00a0\u00bb4.27.3&Prime; _module_preset=\u00a0\u00bbdefault\u00a0\u00bb global_colors_info=\u00a0\u00bb{}\u00a0\u00bb][et_pb_text _builder_version=\u00a0\u00bb4.27.3&Prime; _module_preset=\u00a0\u00bbdefault\u00a0\u00bb text_font=\u00a0\u00bbPoiret One|600|||||||\u00a0\u00bb text_text_color=\u00a0\u00bb#000000&Prime; text_font_size=\u00a0\u00bb22px\u00a0\u00bb text_line_height=\u00a0\u00bb1.4em\u00a0\u00bb background_enable_color=\u00a0\u00bboff\u00a0\u00bb text_orientation=\u00a0\u00bbcenter\u00a0\u00bb global_colors_info=\u00a0\u00bb{%22gcid-24dcb3d3-db22-4f44-998e-163fe7e35e3c%22:%91%22background_color%22%93}\u00a0\u00bb]<\/p>\n<p><a href=\"https:\/\/nikobox.net\/\" target=\"_blank\" rel=\"noopener\"><strong><span style=\"color: #000000;\">NIKOBOX<\/span><\/strong><\/a> es una marca S\u00e9nior Living de Espa\u00f1a | <strong><span style=\"color: #000000;\"><a href=\"https:\/\/kobalsoluciones.com\/\" target=\"_blank\" rel=\"noopener\" style=\"color: #000000;\">KOBAL<\/a> <\/span><\/strong>2024<\/p>\n<p>[\/et_pb_text][\/et_pb_column][\/et_pb_row][\/et_pb_section]<\/p>\n","protected":false},"excerpt":{"rendered":"<p>en construcci\u00f3nDe s\u00e9niors para s\u00e9niors: sabemos lo que importa\u00a1Ven a vivir en un novedosoLIVING S\u00c9NIORa partir de los 55 a\u00f1os!RIAZA, SEGOVIA | ESPA\u00d1ANIKOBOX es una marca S\u00e9nior Living de Espa\u00f1a | KOBAL 2024<\/p>\n","protected":false},"author":1,"featured_media":0,"parent":0,"menu_order":0,"comment_status":"closed","ping_status":"closed","template":"page-template-blank.php","meta":{"_et_pb_use_builder":"on","_et_pb_old_content":"","_et_gb_content_width":"","footnotes":""},"class_list":["post-39","page","type-page","status-publish","hentry"],"yoast_head":"<!-- This site is optimized with the Yoast SEO plugin v25.9 - https:\/\/yoast.com\/wordpress\/plugins\/seo\/ -->\n<title>NIKOBOX S\u00c9NIOR LIVING - S\u00e9nior Living Nikobox<\/title>\n<meta name=\"description\" content=\"Estamos creando un nuevo concepto de S\u00e9nior Living o residencia de mayores, donde queremos vivir los boomers de forma activa. \u00a1Ven a Riaza!\" \/>\n<meta name=\"robots\" content=\"index, follow, max-snippet:-1, max-image-preview:large, max-video-preview:-1\" \/>\n<link rel=\"canonical\" href=\"https:\/\/nikobox.world\/\" \/>\n<meta property=\"og:locale\" content=\"fr_FR\" \/>\n<meta property=\"og:type\" content=\"article\" \/>\n<meta property=\"og:title\" content=\"NIKOBOX S\u00c9NIOR LIVING - S\u00e9nior Living Nikobox\" \/>\n<meta property=\"og:description\" content=\"Estamos creando un nuevo concepto de S\u00e9nior Living o residencia de mayores, donde queremos vivir los boomers de forma activa. \u00a1Ven a Riaza!\" \/>\n<meta property=\"og:url\" content=\"https:\/\/nikobox.world\/\" \/>\n<meta property=\"og:site_name\" content=\"S\u00e9nior Living Nikobox\" \/>\n<meta property=\"article:modified_time\" content=\"2025-09-25T15:17:22+00:00\" \/>\n<meta name=\"twitter:card\" content=\"summary_large_image\" \/>\n<meta name=\"twitter:label1\" content=\"Dur\u00e9e de lecture estim\u00e9e\" \/>\n\t<meta name=\"twitter:data1\" content=\"1 minute\" \/>\n<script type=\"application\/ld+json\" class=\"yoast-schema-graph\">{\"@context\":\"https:\/\/schema.org\",\"@graph\":[{\"@type\":\"WebPage\",\"@id\":\"https:\/\/nikobox.world\/\",\"url\":\"https:\/\/nikobox.world\/\",\"name\":\"NIKOBOX S\u00c9NIOR LIVING - S\u00e9nior Living Nikobox\",\"isPartOf\":{\"@id\":\"https:\/\/nikobox.world\/#website\"},\"datePublished\":\"2024-11-20T21:46:54+00:00\",\"dateModified\":\"2025-09-25T15:17:22+00:00\",\"description\":\"Estamos creando un nuevo concepto de S\u00e9nior Living o residencia de mayores, donde queremos vivir los boomers de forma activa. \u00a1Ven a Riaza!\",\"breadcrumb\":{\"@id\":\"https:\/\/nikobox.world\/#breadcrumb\"},\"inLanguage\":\"fr-FR\",\"potentialAction\":[{\"@type\":\"ReadAction\",\"target\":[\"https:\/\/nikobox.world\/\"]}]},{\"@type\":\"BreadcrumbList\",\"@id\":\"https:\/\/nikobox.world\/#breadcrumb\",\"itemListElement\":[{\"@type\":\"ListItem\",\"position\":1,\"name\":\"Accueil\",\"item\":\"https:\/\/nikobox.world\/\"},{\"@type\":\"ListItem\",\"position\":2,\"name\":\"NIKOBOX S\u00c9NIOR LIVING\"}]},{\"@type\":\"WebSite\",\"@id\":\"https:\/\/nikobox.world\/#website\",\"url\":\"https:\/\/nikobox.world\/\",\"name\":\"S\u00e9nior Living Nikobox\",\"description\":\"Ven a vivir a partir de los 55 a\u00f1os\",\"potentialAction\":[{\"@type\":\"SearchAction\",\"target\":{\"@type\":\"EntryPoint\",\"urlTemplate\":\"https:\/\/nikobox.world\/?s={search_term_string}\"},\"query-input\":{\"@type\":\"PropertyValueSpecification\",\"valueRequired\":true,\"valueName\":\"search_term_string\"}}],\"inLanguage\":\"fr-FR\"}]}<\/script>\n<!-- \/ Yoast SEO plugin. -->","yoast_head_json":{"title":"NIKOBOX S\u00c9NIOR LIVING - S\u00e9nior Living Nikobox","description":"Estamos creando un nuevo concepto de S\u00e9nior Living o residencia de mayores, donde queremos vivir los boomers de forma activa. \u00a1Ven a Riaza!","robots":{"index":"index","follow":"follow","max-snippet":"max-snippet:-1","max-image-preview":"max-image-preview:large","max-video-preview":"max-video-preview:-1"},"canonical":"https:\/\/nikobox.world\/","og_locale":"fr_FR","og_type":"article","og_title":"NIKOBOX S\u00c9NIOR LIVING - S\u00e9nior Living Nikobox","og_description":"Estamos creando un nuevo concepto de S\u00e9nior Living o residencia de mayores, donde queremos vivir los boomers de forma activa. \u00a1Ven a Riaza!","og_url":"https:\/\/nikobox.world\/","og_site_name":"S\u00e9nior Living Nikobox","article_modified_time":"2025-09-25T15:17:22+00:00","twitter_card":"summary_large_image","twitter_misc":{"Dur\u00e9e de lecture estim\u00e9e":"1 minute"},"schema":{"@context":"https:\/\/schema.org","@graph":[{"@type":"WebPage","@id":"https:\/\/nikobox.world\/","url":"https:\/\/nikobox.world\/","name":"NIKOBOX S\u00c9NIOR LIVING - S\u00e9nior Living Nikobox","isPartOf":{"@id":"https:\/\/nikobox.world\/#website"},"datePublished":"2024-11-20T21:46:54+00:00","dateModified":"2025-09-25T15:17:22+00:00","description":"Estamos creando un nuevo concepto de S\u00e9nior Living o residencia de mayores, donde queremos vivir los boomers de forma activa. \u00a1Ven a Riaza!","breadcrumb":{"@id":"https:\/\/nikobox.world\/#breadcrumb"},"inLanguage":"fr-FR","potentialAction":[{"@type":"ReadAction","target":["https:\/\/nikobox.world\/"]}]},{"@type":"BreadcrumbList","@id":"https:\/\/nikobox.world\/#breadcrumb","itemListElement":[{"@type":"ListItem","position":1,"name":"Accueil","item":"https:\/\/nikobox.world\/"},{"@type":"ListItem","position":2,"name":"NIKOBOX S\u00c9NIOR LIVING"}]},{"@type":"WebSite","@id":"https:\/\/nikobox.world\/#website","url":"https:\/\/nikobox.world\/","name":"S\u00e9nior Living Nikobox","description":"Ven a vivir a partir de los 55 a\u00f1os","potentialAction":[{"@type":"SearchAction","target":{"@type":"EntryPoint","urlTemplate":"https:\/\/nikobox.world\/?s={search_term_string}"},"query-input":{"@type":"PropertyValueSpecification","valueRequired":true,"valueName":"search_term_string"}}],"inLanguage":"fr-FR"}]}},"_links":{"self":[{"href":"https:\/\/nikobox.world\/index.php?rest_route=\/wp\/v2\/pages\/39","targetHints":{"allow":["GET"]}}],"collection":[{"href":"https:\/\/nikobox.world\/index.php?rest_route=\/wp\/v2\/pages"}],"about":[{"href":"https:\/\/nikobox.world\/index.php?rest_route=\/wp\/v2\/types\/page"}],"author":[{"embeddable":true,"href":"https:\/\/nikobox.world\/index.php?rest_route=\/wp\/v2\/users\/1"}],"replies":[{"embeddable":true,"href":"https:\/\/nikobox.world\/index.php?rest_route=%2Fwp%2Fv2%2Fcomments&post=39"}],"version-history":[{"count":63,"href":"https:\/\/nikobox.world\/index.php?rest_route=\/wp\/v2\/pages\/39\/revisions"}],"predecessor-version":[{"id":137,"href":"https:\/\/nikobox.world\/index.php?rest_route=\/wp\/v2\/pages\/39\/revisions\/137"}],"wp:attachment":[{"href":"https:\/\/nikobox.world\/index.php?rest_route=%2Fwp%2Fv2%2Fmedia&parent=39"}],"curies":[{"name":"wp","href":"https:\/\/api.w.org\/{rel}","templated":true}]}}